{"id":2,"date":"2020-05-01T18:08:20","date_gmt":"2020-05-01T18:08:20","guid":{"rendered":"http:\/\/www.dvero.es\/?page_id=2"},"modified":"2025-10-25T12:05:42","modified_gmt":"2025-10-25T12:05:42","slug":"sample-page","status":"publish","type":"page","link":"https:\/\/www.dvero.es\/?page_id=2","title":{"rendered":"Donde estamos"},"content":{"rendered":"\n<div class=\"wp-block-columns is-layout-flex wp-container-core-columns-is-layout-9d6595d7 wp-block-columns-is-layout-flex\">\n<div class=\"wp-block-column is-layout-flow wp-block-column-is-layout-flow\" style=\"flex-basis:100%\">\n<iframe src=\"https:\/\/www.google.com\/maps\/embed?pb=!1m18!1m12!1m3!1d2949.017081641556!2d-8.60909078367805!3d42.34215917918802!2m3!1f0!2f0!3f0!3m2!1i1024!2i768!4f13.1!3m3!1m2!1s0xd2f71c5f136536d%3A0x29123a122b4349e7!2sDVero%20Peluquer%C3%ADa!5e0!3m2!1ses!2ses!4v1662153600446!5m2!1ses!2ses\" width=\"600\" height=\"450\" style=\"border:0;\" allowfullscreen=\"\" loading=\"lazy\" referrerpolicy=\"no-referrer-when-downgrade\"><\/iframe>\n<\/div>\n<\/div>\n\n\n\n<h2 class=\"wp-block-heading\">DVero Peluqueria, Arcade<\/h2>\n\n\n\n<p><strong>Direcci\u00f3n:<\/strong>&nbsp;Av. Xos\u00e9 Solla, 10, 36690 Arcade, Soutomaior, Pontevedra<\/p>\n\n\n\n<p><strong>Tel\u00e9fono:<\/strong>&nbsp;<a href=\"tel:665238339\">665-238-339<\/a><\/p>\n\n\n\n<p><strong>Horario:\u00a0<\/strong>De lunes a Viernes de 9:30 a 13:30 y de 16:00 a 20:00<\/p>\n\n\n\n<p>              Sabados de 9:00 a 14:00<\/p>\n\n\n\n<p>              Martes cerrado por descanso.<\/p>\n\n\n\n<p><a href=\"https:\/\/www.google.com\/maps\/place\/DVero+Peluquer\u00eda\/@42.3419681,-8.6069992,19.79z\/data=!4m5!3m4!1s0xd2f71c5f136536d:0x29123a122b4349e7!8m2!3d42.3421591!4d-8.6069023\" target=\"_blank\" rel=\"noreferrer noopener\">Ver en Google Maps<\/a><\/p>\n","protected":false},"excerpt":{"rendered":"<p>DVero Peluqueria, Arcade Direcci\u00f3n:&nbsp;Av. Xos\u00e9 Solla, 10, 36690 Arcade, Soutomaior, Pontevedra Tel\u00e9fono:&nbsp;665-238-339 Horario:\u00a0De lunes a Viernes de 9:30 a 13:30 y de 16:00 a 20:00 Sabados de 9:00 a 14:00 Martes cerrado por descanso. Ver en Google Maps<\/p>\n","protected":false},"author":1,"featured_media":0,"parent":0,"menu_order":0,"comment_status":"closed","ping_status":"open","template":"","meta":{"footnotes":""},"class_list":["post-2","page","type-page","status-publish","hentry"],"jetpack_sharing_enabled":true,"_links":{"self":[{"href":"https:\/\/www.dvero.es\/index.php?rest_route=\/wp\/v2\/pages\/2","targetHints":{"allow":["GET"]}}],"collection":[{"href":"https:\/\/www.dvero.es\/index.php?rest_route=\/wp\/v2\/pages"}],"about":[{"href":"https:\/\/www.dvero.es\/index.php?rest_route=\/wp\/v2\/types\/page"}],"author":[{"embeddable":true,"href":"https:\/\/www.dvero.es\/index.php?rest_route=\/wp\/v2\/users\/1"}],"replies":[{"embeddable":true,"href":"https:\/\/www.dvero.es\/index.php?rest_route=%2Fwp%2Fv2%2Fcomments&post=2"}],"version-history":[{"count":7,"href":"https:\/\/www.dvero.es\/index.php?rest_route=\/wp\/v2\/pages\/2\/revisions"}],"predecessor-version":[{"id":639,"href":"https:\/\/www.dvero.es\/index.php?rest_route=\/wp\/v2\/pages\/2\/revisions\/639"}],"wp:attachment":[{"href":"https:\/\/www.dvero.es\/index.php?rest_route=%2Fwp%2Fv2%2Fmedia&parent=2"}],"curies":[{"name":"wp","href":"https:\/\/api.w.org\/{rel}","templated":true}]}}